{"id":38,"date":"2017-03-22T11:37:37","date_gmt":"2017-03-22T10:37:37","guid":{"rendered":"http:\/\/www.truckdrivers-international.eu\/?page_id=38"},"modified":"2017-10-27T14:15:57","modified_gmt":"2017-10-27T12:15:57","slug":"over-ons","status":"publish","type":"page","link":"https:\/\/www.truckdrivers-international.eu\/pl\/o-nas\/","title":{"rendered":"O nas"},"content":{"rendered":"<p><\/p>\n<h3>Rosn\u0105ce zapotrzebowanie<\/h3>\n<p>Z bada\u0144 rynku wynika i\u017c w nadchodz\u0105cych latach w Holandii mo\u017ce byc potrzebne oko\u0142o 10.000 nowych kierowc\u00f3w. Spowodowane jest to wzrostem \u015bredniego wieku kierowcy, zbyt ma\u0142\u0105 liczb\u0105 nowych Holenderskich kierowc\u00f3w a tak\u017ce wzrostem ilo\u015bci transportowanych towar\u00f3w.<\/p>\n<h3>TruckDrivers International<\/h3>\n<p>TruckDrivers International maj\u0105c na wzgl\u0119dzie zmiany na rynku dysponuje zapleczem wysoko wykwalifikowanych kierowc\u00f3w . Tym samym odpowiada na zapotrzebowanie rynku tworz\u0105c nowe mozliwo\u015bci zatrudnienia dla profesjonalnych kierowc\u00f3w zagranicznych.<\/p>\n<p>TruckDrivers International jest biurem pracy wyspecjalizowanym w delegowaniu kierowc\u00f3w zagranicznych do pracy w Holandii.<\/p>\n<p>Posiadamy zaplecze zmotywowanych kierowc\u00f3w z Polski, W\u0119gier, Rumunii, Litwy i Chorwacji. S\u0105 to osoby ju\u017c obyte z Holandi\u0105, znaj\u0105ce zasady panuj\u0105ce na tutejszym rynku pracy a tak\u017ce chc\u0119tnie dziel\u0105ce si\u0119 swoimi do\u015bwiadczeniami z kolegami.<\/p>\n<h3>Certyfikaty jako\u015bci<\/h3>\n<p>TruckDrivers International zdoby\u0142 i utrzymuje certyfikat jako\u015bci pracy NEN-4400-1. Jest to gwarancj\u0105 solidno\u015bci zar\u00f3wno dla klient\u00f3w jak i pracownik\u00f3w.<\/p>\n<h3>Kontakt<\/h3>\n<p>Jeste\u015b zainteresowany co TruckDrivers International mo\u017ce znaczy\u0107 dla Ciebie? Skontaktuj sie z nami i wsp\u00f3lnie om\u00f3wimy mozliwo\u015bci.<\/p>","protected":false},"excerpt":{"rendered":"<p>Rosn\u0105ce zapotrzebowanie Z bada\u0144 rynku wynika i\u017c w nadchodz\u0105cych latach w Holandii mo\u017ce byc potrzebne oko\u0142o 10.000 nowych kierowc\u00f3w. Spowodowane jest to wzrostem \u015bredniego wieku kierowcy, zbyt ma\u0142\u0105 liczb\u0105 nowych Holenderskich kierowc\u00f3w a tak\u017ce wzrostem ilo\u015bci transportowanych towar\u00f3w. TruckDrivers International TruckDrivers International maj\u0105c na wzgl\u0119dzie zmiany na rynku dysponuje zapleczem wysoko wykwalifikowanych kierowc\u00f3w . Tym [&hellip;]<\/p>\n","protected":false},"author":1,"featured_media":0,"parent":0,"menu_order":0,"comment_status":"closed","ping_status":"closed","template":"","meta":[],"acf":[],"_links":{"self":[{"href":"https:\/\/www.truckdrivers-international.eu\/pl\/wp-json\/wp\/v2\/pages\/38"}],"collection":[{"href":"https:\/\/www.truckdrivers-international.eu\/pl\/wp-json\/wp\/v2\/pages"}],"about":[{"href":"https:\/\/www.truckdrivers-international.eu\/pl\/wp-json\/wp\/v2\/types\/page"}],"author":[{"embeddable":true,"href":"https:\/\/www.truckdrivers-international.eu\/pl\/wp-json\/wp\/v2\/users\/1"}],"replies":[{"embeddable":true,"href":"https:\/\/www.truckdrivers-international.eu\/pl\/wp-json\/wp\/v2\/comments?post=38"}],"version-history":[{"count":7,"href":"https:\/\/www.truckdrivers-international.eu\/pl\/wp-json\/wp\/v2\/pages\/38\/revisions"}],"predecessor-version":[{"id":88,"href":"https:\/\/www.truckdrivers-international.eu\/pl\/wp-json\/wp\/v2\/pages\/38\/revisions\/88"}],"wp:attachment":[{"href":"https:\/\/www.truckdrivers-international.eu\/pl\/wp-json\/wp\/v2\/media?parent=38"}],"curies":[{"name":"wp","href":"https:\/\/api.w.org\/{rel}","templated":true}]}}