{"id":34,"date":"2017-03-22T11:22:27","date_gmt":"2017-03-22T10:22:27","guid":{"rendered":"http:\/\/www.truckdrivers-international.eu\/?page_id=34"},"modified":"2017-09-01T14:53:16","modified_gmt":"2017-09-01T12:53:16","slug":"samenwerken","status":"publish","type":"page","link":"https:\/\/www.truckdrivers-international.eu\/pl\/wspolpracowac\/","title":{"rendered":"Wsp??pracowa?"},"content":{"rendered":"<p><span id=\"result_box\" class=\"\" lang=\"pl\"><span class=\"\">Czy jeste? zainteresowany wsp??prac? z Truck Drivers, czy szukasz kierowcy, wype?nij poni?szy formularz.<\/span><\/span><\/p>\n<p>\n                <div class='gf_browser_gecko gform_wrapper gform_legacy_markup_wrapper' id='gform_wrapper_7' ><div id='gf_7' class='gform_anchor' tabindex='-1'><\/div><form method='post' enctype='multipart\/form-data' target='gform_ajax_frame_7' id='gform_7'  action=\"\/pl\/wp-json\/wp\/v2\/pages\/34#gf_7\" >\n                        <div class='gform_body gform-body'><ul id='gform_fields_7' class='gform_fields top_label form_sublabel_below description_below'><li id=\"field_7_1\" class=\"gfield gsection clear-fix col-xs-12 field_sublabel_below field_description_below gfield_visibility_visible\" ><h2 class=\"gsection_title\">Nazwa firmy<\/h2><\/li><li id=\"field_7_2\" class=\"gfield clear-fix col-xs-12 gfield_contains_required field_sublabel_below field_description_below hidden_label gfield_visibility_visible\" ><label class='gfield_label' for='input_7_2' >Bedrijfsnaam<span class=\"gfield_required\"><span class=\"gfield_required gfield_required_asterisk\">*<\/span><\/span><\/label><div class='ginput_container ginput_container_text'><input name='input_2' id='input_7_2' type='text' value='' class='large'    placeholder='Nazwa firmy*' aria-required=\"true\" aria-invalid=\"false\"   \/> <\/div><\/li><li id=\"field_7_3\" class=\"gfield clear-fix col-xs-12 col-md-6 field_sublabel_below field_description_below hidden_label gfield_visibility_visible\" ><label class='gfield_label' for='input_7_3' >Vestigingsadres<\/label><div class='ginput_container ginput_container_text'><input name='input_3' id='input_7_3' type='text' value='' class='large'    placeholder='Adres firmy'  aria-invalid=\"false\"   \/> <\/div><\/li><li id=\"field_7_4\" class=\"gfield col-xs-12 col-md-3 field_sublabel_below field_description_below hidden_label gfield_visibility_visible\" ><label class='gfield_label' for='input_7_4' >Postcode en adres<\/label><div class='ginput_container ginput_container_text'><input name='input_4' id='input_7_4' type='text' value='' class='large'    placeholder='Kod pocztowy i miejsce'  aria-invalid=\"false\"   \/> <\/div><\/li><li id=\"field_7_5\" class=\"gfield col-xs-12 col-md-3 field_sublabel_below field_description_below hidden_label gfield_visibility_visible\" ><label class='gfield_label' for='input_7_5' >Land<\/label><div class='ginput_container ginput_container_text'><input name='input_5' id='input_7_5' type='text' value='' class='large'    placeholder='Kraj'  aria-invalid=\"false\"   \/> <\/div><\/li><li id=\"field_7_6\" class=\"gfield clear-fix col-xs-12 col-md-6 field_sublabel_below field_description_below hidden_label gfield_visibility_visible\" ><label class='gfield_label' for='input_7_6' >KvK-nummer<\/label><div class='ginput_container ginput_container_text'><input name='input_6' id='input_7_6' type='text' value='' class='large'    placeholder='Numer rejestracyjny Izby Handlowej (KvK)'  aria-invalid=\"false\"   \/> <\/div><\/li><li id=\"field_7_7\" class=\"gfield clear-fix col-xs-12 gfield_html gfield_html_formatted gfield_no_follows_desc field_sublabel_below field_description_below gfield_visibility_visible\" ><p>&nbsp;<\/p><\/li><li id=\"field_7_8\" class=\"gfield gsection clear-fix col-xs-12 field_sublabel_below field_description_below gfield_visibility_visible\" ><h2 class=\"gsection_title\">Osoba kontaktowa<\/h2><\/li><li id=\"field_7_9\" class=\"gfield clear-fix col-xs-12 col-md-6 gfield_contains_required field_sublabel_below field_description_below hidden_label gfield_visibility_visible\" ><label class='gfield_label' for='input_7_9' >Voorna(a)m(en)<span class=\"gfield_required\"><span class=\"gfield_required gfield_required_asterisk\">*<\/span><\/span><\/label><div class='ginput_container ginput_container_text'><input name='input_9' id='input_7_9' type='text' value='' class='large'    placeholder='Imi\u0119' aria-required=\"true\" aria-invalid=\"false\"   \/> <\/div><\/li><li id=\"field_7_10\" class=\"gfield col-xs-12 col-md-6 gfield_contains_required field_sublabel_below field_description_below hidden_label gfield_visibility_visible\" ><label class='gfield_label' for='input_7_10' >Achternaam<span class=\"gfield_required\"><span class=\"gfield_required gfield_required_asterisk\">*<\/span><\/span><\/label><div class='ginput_container ginput_container_text'><input name='input_10' id='input_7_10' type='text' value='' class='large'    placeholder='Nazwisko' aria-required=\"true\" aria-invalid=\"false\"   \/> <\/div><\/li><li id=\"field_7_11\" class=\"gfield clear-fix col-xs-12 field_sublabel_below field_description_below hidden_label gfield_visibility_visible\" ><label class='gfield_label' for='input_7_11' >Functie contactpersoon<\/label><div class='ginput_container ginput_container_text'><input name='input_11' id='input_7_11' type='text' value='' class='large'    placeholder='Osoba kontaktowa z funkcj\u0105'  aria-invalid=\"false\"   \/> <\/div><\/li><li id=\"field_7_12\" class=\"gfield clear-fix col-xs-12 col-md-8 gfield_contains_required field_sublabel_below field_description_below hidden_label gfield_visibility_visible\" ><label class='gfield_label' for='input_7_12' >E-mailadres contactpersoon<span class=\"gfield_required\"><span class=\"gfield_required gfield_required_asterisk\">*<\/span><\/span><\/label><div class='ginput_container ginput_container_email'>\n                            <input name='input_12' id='input_7_12' type='text' value='' class='large'   placeholder='Osoba kontaktowa adres e-mail' aria-required=\"true\" aria-invalid=\"false\"  \/>\n                        <\/div><\/li><li id=\"field_7_13\" class=\"gfield col-xs-12 col-md-4 gfield_contains_required field_sublabel_below field_description_below hidden_label gfield_visibility_visible\" ><label class='gfield_label' for='input_7_13' >Telefoonnummer contactpersoon<span class=\"gfield_required\"><span class=\"gfield_required gfield_required_asterisk\">*<\/span><\/span><\/label><div class='ginput_container ginput_container_text'><input name='input_13' id='input_7_13' type='text' value='' class='large'    placeholder='Numer telefonu osoby kontaktowej' aria-required=\"true\" aria-invalid=\"false\"   \/> <\/div><\/li><li id=\"field_7_16\" class=\"gfield clear-fix col-xs-12 gfield_html gfield_html_formatted gfield_no_follows_desc field_sublabel_below field_description_below gfield_visibility_visible\" ><p>&nbsp;<\/p><\/li><li id=\"field_7_15\" class=\"gfield gsection clear-fix col-xs-12 field_sublabel_below field_description_below gfield_visibility_visible\" ><h2 class=\"gsection_title\">Specjalizacja<\/h2><\/li><li id=\"field_7_14\" class=\"gfield clear-fix col-xs-12 field_sublabel_below field_description_below hidden_label gfield_visibility_visible\" ><label class='gfield_label' for='input_7_14' >Omschrijving specialisatie<\/label><div class='ginput_container ginput_container_textarea'><textarea name='input_14' id='input_7_14' class='textarea small'    placeholder='Umiej\u0119tno\u015bci, kursy i szkolenia'  aria-invalid=\"false\"   rows='10' cols='50'><\/textarea><\/div><\/li><li id=\"field_7_17\" class=\"gfield clear-fix col-xs-12 gfield_html gfield_html_formatted gfield_no_follows_desc field_sublabel_below field_description_below gfield_visibility_visible\" ><p>&nbsp;<\/p><\/li><li id=\"field_7_18\" class=\"gfield gsection clear-fix col-xs-12 field_sublabel_below field_description_below gfield_visibility_visible\" ><h2 class=\"gsection_title\">Specyfikacja wymaganych sterownik\u00f3w<\/h2><\/li><li id=\"field_7_19\" class=\"gfield clear-fix col-xs-12 field_sublabel_below field_description_below hidden_label gfield_visibility_visible\" ><label class='gfield_label' for='input_7_19' >Datum inzet chauffeur(s)<\/label><div class='ginput_container ginput_container_date'>\n                            <input name='input_19' id='input_7_19' type='text' value='' class='datepicker dmy_dash datepicker_with_icon gdatepicker_with_icon'   placeholder='Rozpocz\u0119cie zaj\u0119\u0107 z dnia' aria-describedby=\"input_7_19_date_format\" aria-invalid=\"false\" \/>\n                            <span id='input_7_19_date_format' class='screen-reader-text'>DD my\u015blnik MM my\u015blnik RRRR<\/span>\n                        <\/div>\n                        <input type='hidden' id='gforms_calendar_icon_input_7_19' class='gform_hidden' value='https:\/\/www.truckdrivers-international.eu\/wp-content\/plugins\/gravityforms\/images\/datepicker\/datepicker.svg'\/><\/li><li id=\"field_7_20\" class=\"gfield clear-fix col-xs-12 field_sublabel_below field_description_below hidden_label gfield_visibility_visible\" ><label class='gfield_label' for='input_7_20' >Specificatie werkzaamheden<\/label><div class='ginput_container ginput_container_textarea'><textarea name='input_20' id='input_7_20' class='textarea medium'    placeholder='Umiej\u0119tno\u015bci, kursy i szkolenia'  aria-invalid=\"false\"   rows='10' cols='50'><\/textarea><\/div><\/li><li id=\"field_7_21\" class=\"gfield clear-fix col-xs-12 gfield_html gfield_html_formatted gfield_no_follows_desc field_sublabel_below field_description_below gfield_visibility_visible\" ><p>&nbsp;<\/p><\/li><\/ul><\/div>\n        <div class='gform_footer top_label'> <input type='submit' id='gform_submit_button_7' class='gform_button button' value='Send'  onclick='if(window[\"gf_submitting_7\"]){return false;}  window[\"gf_submitting_7\"]=true;  ' onkeypress='if( event.keyCode == 13 ){ if(window[\"gf_submitting_7\"]){return false;} window[\"gf_submitting_7\"]=true;  jQuery(\"#gform_7\").trigger(\"submit\",[true]); }' \/> <input type='hidden' name='gform_ajax' value='form_id=7&amp;title=&amp;description=&amp;tabindex=0' \/>\n            <input type='hidden' class='gform_hidden' name='is_submit_7' value='1' \/>\n            <input type='hidden' class='gform_hidden' name='gform_submit' value='7' \/>\n            \n            <input type='hidden' class='gform_hidden' name='gform_unique_id' value='' \/>\n            <input type='hidden' class='gform_hidden' name='state_7' value='WyJbXSIsIjhjMzE4ODllNTZhYTM3OTFhYTZhOWViOGFmYmM3MTI4Il0=' \/>\n            <input type='hidden' class='gform_hidden' name='gform_target_page_number_7' id='gform_target_page_number_7' value='0' \/>\n            <input type='hidden' class='gform_hidden' name='gform_source_page_number_7' id='gform_source_page_number_7' value='1' \/>\n            <input type='hidden' name='gform_field_values' value='' \/>\n            \n        <\/div>\n                        <\/form>\n                        <\/div>\n                <iframe style='display:none;width:0px;height:0px;' src='about:blank' name='gform_ajax_frame_7' id='gform_ajax_frame_7' title='Ten element iframe zawiera logik\u0119 wymagan\u0105 do obs\u0142ugi Gravity Forms u\u017cywaj\u0105cych technologii Ajax.'><\/iframe>\n                <script type=\"text\/javascript\">\ngform.initializeOnLoaded( function() {gformInitSpinner( 7, 'https:\/\/www.truckdrivers-international.eu\/wp-content\/plugins\/gravityforms\/images\/spinner.svg' );jQuery('#gform_ajax_frame_7').on('load',function(){var contents = jQuery(this).contents().find('*').html();var is_postback = contents.indexOf('GF_AJAX_POSTBACK') >= 0;if(!is_postback){return;}var form_content = jQuery(this).contents().find('#gform_wrapper_7');var is_confirmation = jQuery(this).contents().find('#gform_confirmation_wrapper_7').length > 0;var is_redirect = contents.indexOf('gformRedirect(){') >= 0;var is_form = form_content.length > 0 && ! is_redirect && ! is_confirmation;var mt = parseInt(jQuery('html').css('margin-top'), 10) + parseInt(jQuery('body').css('margin-top'), 10) + 100;if(is_form){jQuery('#gform_wrapper_7').html(form_content.html());if(form_content.hasClass('gform_validation_error')){jQuery('#gform_wrapper_7').addClass('gform_validation_error');} else {jQuery('#gform_wrapper_7').removeClass('gform_validation_error');}setTimeout( function() { \/* delay the scroll by 50 milliseconds to fix a bug in chrome *\/ jQuery(document).scrollTop(jQuery('#gform_wrapper_7').offset().top - mt); }, 50 );if(window['gformInitDatepicker']) {gformInitDatepicker();}if(window['gformInitPriceFields']) {gformInitPriceFields();}var current_page = jQuery('#gform_source_page_number_7').val();gformInitSpinner( 7, 'https:\/\/www.truckdrivers-international.eu\/wp-content\/plugins\/gravityforms\/images\/spinner.svg' );jQuery(document).trigger('gform_page_loaded', [7, current_page]);window['gf_submitting_7'] = false;}else if(!is_redirect){var confirmation_content = jQuery(this).contents().find('.GF_AJAX_POSTBACK').html();if(!confirmation_content){confirmation_content = contents;}setTimeout(function(){jQuery('#gform_wrapper_7').replaceWith(confirmation_content);jQuery(document).scrollTop(jQuery('#gf_7').offset().top - mt);jQuery(document).trigger('gform_confirmation_loaded', [7]);window['gf_submitting_7'] = false;wp.a11y.speak(jQuery('#gform_confirmation_message_7').text());}, 50);}else{jQuery('#gform_7').append(contents);if(window['gformRedirect']) {gformRedirect();}}jQuery(document).trigger('gform_post_render', [7, current_page]);} );} );\n<\/script>\n<\/p>","protected":false},"excerpt":{"rendered":"<p>Czy jeste? zainteresowany wsp??prac? z Truck Drivers, czy szukasz kierowcy, wype?nij poni?szy formularz.<\/p>\n","protected":false},"author":1,"featured_media":0,"parent":0,"menu_order":0,"comment_status":"closed","ping_status":"closed","template":"","meta":[],"acf":[],"_links":{"self":[{"href":"https:\/\/www.truckdrivers-international.eu\/pl\/wp-json\/wp\/v2\/pages\/34"}],"collection":[{"href":"https:\/\/www.truckdrivers-international.eu\/pl\/wp-json\/wp\/v2\/pages"}],"about":[{"href":"https:\/\/www.truckdrivers-international.eu\/pl\/wp-json\/wp\/v2\/types\/page"}],"author":[{"embeddable":true,"href":"https:\/\/www.truckdrivers-international.eu\/pl\/wp-json\/wp\/v2\/users\/1"}],"replies":[{"embeddable":true,"href":"https:\/\/www.truckdrivers-international.eu\/pl\/wp-json\/wp\/v2\/comments?post=34"}],"version-history":[{"count":6,"href":"https:\/\/www.truckdrivers-international.eu\/pl\/wp-json\/wp\/v2\/pages\/34\/revisions"}],"predecessor-version":[{"id":75,"href":"https:\/\/www.truckdrivers-international.eu\/pl\/wp-json\/wp\/v2\/pages\/34\/revisions\/75"}],"wp:attachment":[{"href":"https:\/\/www.truckdrivers-international.eu\/pl\/wp-json\/wp\/v2\/media?parent=34"}],"curies":[{"name":"wp","href":"https:\/\/api.w.org\/{rel}","templated":true}]}}