{"id":2,"date":"2017-03-20T13:59:19","date_gmt":"2017-03-20T12:59:19","guid":{"rendered":"http:\/\/www.truckdrivers-international.eu\/?page_id=2"},"modified":"2017-10-30T21:03:34","modified_gmt":"2017-10-30T20:03:34","slug":"voorbeeld-pagina","status":"publish","type":"page","link":"https:\/\/www.truckdrivers-international.eu\/pl\/","title":{"rendered":"Pracownicy"},"content":{"rendered":"<p>Kliknij tutaj, aby przeczyta\u0107, co firma Truckdrivers International mo\u017ce zrobi\u0107 dla Ciebie w zakresie transmisji telewizyjnych, rekrutacji, szkolenia i p\u0142acy.<\/p>","protected":false},"excerpt":{"rendered":"<p>Kliknij tutaj, aby przeczyta\u0107, co firma Truckdrivers International mo\u017ce zrobi\u0107 dla Ciebie w zakresie transmisji telewizyjnych, rekrutacji, szkolenia i p\u0142acy.<\/p>\n","protected":false},"author":1,"featured_media":70,"parent":0,"menu_order":0,"comment_status":"closed","ping_status":"open","template":"","meta":[],"acf":[],"_links":{"self":[{"href":"https:\/\/www.truckdrivers-international.eu\/pl\/wp-json\/wp\/v2\/pages\/2"}],"collection":[{"href":"https:\/\/www.truckdrivers-international.eu\/pl\/wp-json\/wp\/v2\/pages"}],"about":[{"href":"https:\/\/www.truckdrivers-international.eu\/pl\/wp-json\/wp\/v2\/types\/page"}],"author":[{"embeddable":true,"href":"https:\/\/www.truckdrivers-international.eu\/pl\/wp-json\/wp\/v2\/users\/1"}],"replies":[{"embeddable":true,"href":"https:\/\/www.truckdrivers-international.eu\/pl\/wp-json\/wp\/v2\/comments?post=2"}],"version-history":[{"count":6,"href":"https:\/\/www.truckdrivers-international.eu\/pl\/wp-json\/wp\/v2\/pages\/2\/revisions"}],"predecessor-version":[{"id":89,"href":"https:\/\/www.truckdrivers-international.eu\/pl\/wp-json\/wp\/v2\/pages\/2\/revisions\/89"}],"wp:featuredmedia":[{"embeddable":true,"href":"https:\/\/www.truckdrivers-international.eu\/pl\/wp-json\/wp\/v2\/media\/70"}],"wp:attachment":[{"href":"https:\/\/www.truckdrivers-international.eu\/pl\/wp-json\/wp\/v2\/media?parent=2"}],"curies":[{"name":"wp","href":"https:\/\/api.w.org\/{rel}","templated":true}]}}